{"id":161,"date":"2023-11-20T15:53:56","date_gmt":"2023-11-20T14:53:56","guid":{"rendered":"https:\/\/oloron-tennis.com\/index.php\/home\/"},"modified":"2025-06-09T14:28:35","modified_gmt":"2025-06-09T13:28:35","slug":"home","status":"publish","type":"page","link":"https:\/\/oloron-tennis.com\/","title":{"rendered":"Home"},"content":{"rendered":"\t\t<div data-elementor-type=\"wp-page\" data-elementor-id=\"161\" class=\"elementor elementor-161\" data-elementor-post-type=\"page\">\n\t\t\t\t\t\t<section class=\"elementor-section elementor-top-section elementor-element elementor-element-6f44db2 elementor-section-boxed elementor-section-height-default elementor-section-height-default\" data-id=\"6f44db2\" data-element_type=\"section\">\n\t\t\t\t\t\t<div class=\"elementor-container elementor-column-gap-default\">\n\t\t\t\t\t<div class=\"elementor-column elementor-col-25 elementor-top-column elementor-element elementor-element-a18b5b0\" data-id=\"a18b5b0\" data-element_type=\"column\">\n\t\t\t<div class=\"elementor-widget-wrap elementor-element-populated\">\n\t\t\t\t\t\t<div class=\"elementor-element elementor-element-04573b9 elementor-align-center elementor-widget elementor-widget-button\" data-id=\"04573b9\" data-element_type=\"widget\" data-widget_type=\"button.default\">\n\t\t\t\t<div class=\"elementor-widget-container\">\n\t\t\t\t\t\t\t\t\t<div class=\"elementor-button-wrapper\">\n\t\t\t\t\t<a class=\"elementor-button elementor-button-link elementor-size-sm\" href=\"https:\/\/forms.gle\/6eFcTgDHu1gfWnCg6\">\n\t\t\t\t\t\t<span class=\"elementor-button-content-wrapper\">\n\t\t\t\t\t\t\t\t\t<span class=\"elementor-button-text\">Inscrivez-vous \u00e0 un tournois<\/span>\n\t\t\t\t\t<\/span>\n\t\t\t\t\t<\/a>\n\t\t\t\t<\/div>\n\t\t\t\t\t\t\t\t<\/div>\n\t\t\t\t<\/div>\n\t\t\t\t\t<\/div>\n\t\t<\/div>\n\t\t\t\t<div class=\"elementor-column elementor-col-25 elementor-top-column elementor-element elementor-element-e582d51\" data-id=\"e582d51\" data-element_type=\"column\">\n\t\t\t<div class=\"elementor-widget-wrap elementor-element-populated\">\n\t\t\t\t\t\t<div class=\"elementor-element elementor-element-a6d9911 elementor-widget elementor-widget-image\" data-id=\"a6d9911\" data-element_type=\"widget\" data-widget_type=\"image.default\">\n\t\t\t\t<div class=\"elementor-widget-container\">\n\t\t\t\t\t\t\t\t\t\t\t\t\t\t\t\t<a href=\"https:\/\/oloron-tennis.com\/wp-content\/uploads\/2025\/06\/WhatsApp-Image-2025-06-09-at-14.38.07.jpeg\" data-elementor-open-lightbox=\"yes\" data-elementor-lightbox-title=\"WhatsApp Image 2025-06-09 at 14.38.07\" data-e-action-hash=\"#elementor-action%3Aaction%3Dlightbox%26settings%3DeyJpZCI6Mjk1LCJ1cmwiOiJodHRwczpcL1wvb2xvcm9uLXRlbm5pcy5jb21cL3dwLWNvbnRlbnRcL3VwbG9hZHNcLzIwMjVcLzA2XC9XaGF0c0FwcC1JbWFnZS0yMDI1LTA2LTA5LWF0LTE0LjM4LjA3LmpwZWcifQ%3D%3D\">\n\t\t\t\t\t\t\t<img fetchpriority=\"high\" decoding=\"async\" width=\"724\" height=\"1024\" src=\"https:\/\/oloron-tennis.com\/wp-content\/uploads\/2025\/06\/WhatsApp-Image-2025-06-09-at-14.38.07-724x1024.jpeg\" class=\"attachment-large size-large wp-image-295\" alt=\"\" srcset=\"https:\/\/oloron-tennis.com\/wp-content\/uploads\/2025\/06\/WhatsApp-Image-2025-06-09-at-14.38.07-724x1024.jpeg 724w, https:\/\/oloron-tennis.com\/wp-content\/uploads\/2025\/06\/WhatsApp-Image-2025-06-09-at-14.38.07-212x300.jpeg 212w, https:\/\/oloron-tennis.com\/wp-content\/uploads\/2025\/06\/WhatsApp-Image-2025-06-09-at-14.38.07-768x1086.jpeg 768w, https:\/\/oloron-tennis.com\/wp-content\/uploads\/2025\/06\/WhatsApp-Image-2025-06-09-at-14.38.07-1086x1536.jpeg 1086w, https:\/\/oloron-tennis.com\/wp-content\/uploads\/2025\/06\/WhatsApp-Image-2025-06-09-at-14.38.07.jpeg 1131w\" sizes=\"(max-width: 724px) 100vw, 724px\" \/>\t\t\t\t\t\t\t\t<\/a>\n\t\t\t\t\t\t\t\t\t\t\t\t\t\t\t<\/div>\n\t\t\t\t<\/div>\n\t\t\t\t\t<\/div>\n\t\t<\/div>\n\t\t\t\t<div class=\"elementor-column elementor-col-25 elementor-top-column elementor-element elementor-element-cce4dd1\" data-id=\"cce4dd1\" data-element_type=\"column\">\n\t\t\t<div class=\"elementor-widget-wrap elementor-element-populated\">\n\t\t\t\t\t\t<div class=\"elementor-element elementor-element-9710b9f elementor-widget elementor-widget-image\" data-id=\"9710b9f\" data-element_type=\"widget\" data-widget_type=\"image.default\">\n\t\t\t\t<div class=\"elementor-widget-container\">\n\t\t\t\t\t\t\t\t\t\t\t\t\t\t\t\t<a href=\"https:\/\/oloron-tennis.com\/wp-content\/uploads\/2025\/06\/WhatsApp-Image-2025-06-09-at-14.38.08-1.jpeg\" data-elementor-open-lightbox=\"yes\" data-elementor-lightbox-title=\"WhatsApp Image 2025-06-09 at 14.38.08 (1)\" data-e-action-hash=\"#elementor-action%3Aaction%3Dlightbox%26settings%3DeyJpZCI6Mjk2LCJ1cmwiOiJodHRwczpcL1wvb2xvcm9uLXRlbm5pcy5jb21cL3dwLWNvbnRlbnRcL3VwbG9hZHNcLzIwMjVcLzA2XC9XaGF0c0FwcC1JbWFnZS0yMDI1LTA2LTA5LWF0LTE0LjM4LjA4LTEuanBlZyJ9\">\n\t\t\t\t\t\t\t<img decoding=\"async\" width=\"724\" height=\"1024\" src=\"https:\/\/oloron-tennis.com\/wp-content\/uploads\/2025\/06\/WhatsApp-Image-2025-06-09-at-14.38.08-1-724x1024.jpeg\" class=\"attachment-large size-large wp-image-296\" alt=\"\" srcset=\"https:\/\/oloron-tennis.com\/wp-content\/uploads\/2025\/06\/WhatsApp-Image-2025-06-09-at-14.38.08-1-724x1024.jpeg 724w, https:\/\/oloron-tennis.com\/wp-content\/uploads\/2025\/06\/WhatsApp-Image-2025-06-09-at-14.38.08-1-212x300.jpeg 212w, https:\/\/oloron-tennis.com\/wp-content\/uploads\/2025\/06\/WhatsApp-Image-2025-06-09-at-14.38.08-1-768x1086.jpeg 768w, https:\/\/oloron-tennis.com\/wp-content\/uploads\/2025\/06\/WhatsApp-Image-2025-06-09-at-14.38.08-1-1086x1536.jpeg 1086w, https:\/\/oloron-tennis.com\/wp-content\/uploads\/2025\/06\/WhatsApp-Image-2025-06-09-at-14.38.08-1.jpeg 1131w\" sizes=\"(max-width: 724px) 100vw, 724px\" \/>\t\t\t\t\t\t\t\t<\/a>\n\t\t\t\t\t\t\t\t\t\t\t\t\t\t\t<\/div>\n\t\t\t\t<\/div>\n\t\t\t\t\t<\/div>\n\t\t<\/div>\n\t\t\t\t<div class=\"elementor-column elementor-col-25 elementor-top-column elementor-element elementor-element-9a2b8d5\" data-id=\"9a2b8d5\" data-element_type=\"column\">\n\t\t\t<div class=\"elementor-widget-wrap elementor-element-populated\">\n\t\t\t\t\t\t<div class=\"elementor-element elementor-element-e47a746 elementor-widget elementor-widget-image\" data-id=\"e47a746\" data-element_type=\"widget\" data-widget_type=\"image.default\">\n\t\t\t\t<div class=\"elementor-widget-container\">\n\t\t\t\t\t\t\t\t\t\t\t\t\t\t\t\t<a href=\"https:\/\/oloron-tennis.com\/wp-content\/uploads\/2025\/06\/WhatsApp-Image-2025-06-09-at-14.38.08.jpeg\" data-elementor-open-lightbox=\"yes\" data-elementor-lightbox-title=\"WhatsApp Image 2025-06-09 at 14.38.08\" data-e-action-hash=\"#elementor-action%3Aaction%3Dlightbox%26settings%3DeyJpZCI6Mjk3LCJ1cmwiOiJodHRwczpcL1wvb2xvcm9uLXRlbm5pcy5jb21cL3dwLWNvbnRlbnRcL3VwbG9hZHNcLzIwMjVcLzA2XC9XaGF0c0FwcC1JbWFnZS0yMDI1LTA2LTA5LWF0LTE0LjM4LjA4LmpwZWcifQ%3D%3D\">\n\t\t\t\t\t\t\t<img decoding=\"async\" width=\"724\" height=\"1024\" src=\"https:\/\/oloron-tennis.com\/wp-content\/uploads\/2025\/06\/WhatsApp-Image-2025-06-09-at-14.38.08-724x1024.jpeg\" class=\"attachment-large size-large wp-image-297\" alt=\"\" srcset=\"https:\/\/oloron-tennis.com\/wp-content\/uploads\/2025\/06\/WhatsApp-Image-2025-06-09-at-14.38.08-724x1024.jpeg 724w, https:\/\/oloron-tennis.com\/wp-content\/uploads\/2025\/06\/WhatsApp-Image-2025-06-09-at-14.38.08-212x300.jpeg 212w, https:\/\/oloron-tennis.com\/wp-content\/uploads\/2025\/06\/WhatsApp-Image-2025-06-09-at-14.38.08-768x1086.jpeg 768w, https:\/\/oloron-tennis.com\/wp-content\/uploads\/2025\/06\/WhatsApp-Image-2025-06-09-at-14.38.08-1086x1536.jpeg 1086w, https:\/\/oloron-tennis.com\/wp-content\/uploads\/2025\/06\/WhatsApp-Image-2025-06-09-at-14.38.08.jpeg 1131w\" sizes=\"(max-width: 724px) 100vw, 724px\" \/>\t\t\t\t\t\t\t\t<\/a>\n\t\t\t\t\t\t\t\t\t\t\t\t\t\t\t<\/div>\n\t\t\t\t<\/div>\n\t\t\t\t\t<\/div>\n\t\t<\/div>\n\t\t\t\t\t<\/div>\n\t\t<\/section>\n\t\t\t\t<section class=\"elementor-section elementor-top-section elementor-element elementor-element-11f5cd5a elementor-section-full_width elementor-section-height-min-height elementor-section-items-stretch elementor-section-content-middle elementor-section-height-default\" data-id=\"11f5cd5a\" data-element_type=\"section\">\n\t\t\t\t\t\t<div class=\"elementor-container elementor-column-gap-no\">\n\t\t\t\t\t<div class=\"elementor-column elementor-col-50 elementor-top-column elementor-element elementor-element-aca1db9\" data-id=\"aca1db9\" data-element_type=\"column\">\n\t\t\t<div class=\"elementor-widget-wrap elementor-element-populated\">\n\t\t\t\t\t\t<div class=\"elementor-element elementor-element-afd03bd elementor-widget elementor-widget-heading\" data-id=\"afd03bd\" data-element_type=\"widget\" data-widget_type=\"heading.default\">\n\t\t\t\t<div class=\"elementor-widget-container\">\n\t\t\t\t\t<h6 class=\"elementor-heading-title elementor-size-default\">Rejoignez le groupe WhatsApp Padel Oloron<\/h6>\t\t\t\t<\/div>\n\t\t\t\t<\/div>\n\t\t\t\t<div class=\"elementor-element elementor-element-0097208 elementor-widget elementor-widget-text-editor\" data-id=\"0097208\" data-element_type=\"widget\" data-widget_type=\"text-editor.default\">\n\t\t\t\t<div class=\"elementor-widget-container\">\n\t\t\t\t\t\t\t\t\t<p><span class=\"OYPEnA text-decoration-none text-strikethrough-none\">Partenaires, <\/span><span class=\"OYPEnA text-decoration-none text-strikethrough-none\">Infos club, <\/span><span class=\"OYPEnA text-decoration-none text-strikethrough-none\">Le\u00e7ons, <\/span><span class=\"OYPEnA text-decoration-none text-strikethrough-none\">Tournois, <\/span><span class=\"OYPEnA text-decoration-none text-strikethrough-none\">Agenda&#8230;<\/span><\/p>\t\t\t\t\t\t\t\t<\/div>\n\t\t\t\t<\/div>\n\t\t\t\t<div class=\"elementor-element elementor-element-dfae313 elementor-widget elementor-widget-image\" data-id=\"dfae313\" data-element_type=\"widget\" data-widget_type=\"image.default\">\n\t\t\t\t<div class=\"elementor-widget-container\">\n\t\t\t\t\t\t\t\t\t\t\t\t\t\t\t<img loading=\"lazy\" decoding=\"async\" width=\"800\" height=\"754\" src=\"https:\/\/oloron-tennis.com\/wp-content\/uploads\/2023\/11\/gpa-1024x965.png\" class=\"attachment-large size-large wp-image-224\" alt=\"\" srcset=\"https:\/\/oloron-tennis.com\/wp-content\/uploads\/2023\/11\/gpa-1024x965.png 1024w, https:\/\/oloron-tennis.com\/wp-content\/uploads\/2023\/11\/gpa-300x283.png 300w, https:\/\/oloron-tennis.com\/wp-content\/uploads\/2023\/11\/gpa-768x724.png 768w, https:\/\/oloron-tennis.com\/wp-content\/uploads\/2023\/11\/gpa.png 1046w\" sizes=\"(max-width: 800px) 100vw, 800px\" \/>\t\t\t\t\t\t\t\t\t\t\t\t\t\t\t<\/div>\n\t\t\t\t<\/div>\n\t\t\t\t<div class=\"elementor-element elementor-element-79e541ec elementor-widget elementor-widget-heading\" data-id=\"79e541ec\" data-element_type=\"widget\" data-widget_type=\"heading.default\">\n\t\t\t\t<div class=\"elementor-widget-container\">\n\t\t\t\t\t<h1 class=\"elementor-heading-title elementor-size-default\">R\u00e9servez votre partie de Padel<\/h1>\t\t\t\t<\/div>\n\t\t\t\t<\/div>\n\t\t\t\t<div class=\"elementor-element elementor-element-4ee1b929 elementor-button-info elementor-align-center elementor-widget elementor-widget-button\" data-id=\"4ee1b929\" data-element_type=\"widget\" data-widget_type=\"button.default\">\n\t\t\t\t<div class=\"elementor-widget-container\">\n\t\t\t\t\t\t\t\t\t<div class=\"elementor-button-wrapper\">\n\t\t\t\t\t<a class=\"elementor-button elementor-button-link elementor-size-xs\" href=\"https:\/\/tc-piemont-oloronais.gestion-sports.com\/\">\n\t\t\t\t\t\t<span class=\"elementor-button-content-wrapper\">\n\t\t\t\t\t\t\t\t\t<span class=\"elementor-button-text\">Directement en ligne<\/span>\n\t\t\t\t\t<\/span>\n\t\t\t\t\t<\/a>\n\t\t\t\t<\/div>\n\t\t\t\t\t\t\t\t<\/div>\n\t\t\t\t<\/div>\n\t\t\t\t<section class=\"elementor-section elementor-inner-section elementor-element elementor-element-0efd9c3 elementor-section-content-middle elementor-section-boxed elementor-section-height-default elementor-section-height-default\" data-id=\"0efd9c3\" data-element_type=\"section\">\n\t\t\t\t\t\t<div class=\"elementor-container elementor-column-gap-default\">\n\t\t\t\t\t<div class=\"elementor-column elementor-col-50 elementor-inner-column elementor-element elementor-element-ec9c9c1\" data-id=\"ec9c9c1\" data-element_type=\"column\">\n\t\t\t<div class=\"elementor-widget-wrap elementor-element-populated\">\n\t\t\t\t\t\t<div class=\"elementor-element elementor-element-55cf07d elementor-widget elementor-widget-image\" data-id=\"55cf07d\" data-element_type=\"widget\" data-widget_type=\"image.default\">\n\t\t\t\t<div class=\"elementor-widget-container\">\n\t\t\t\t\t\t\t\t\t\t\t\t\t\t\t\t<a href=\"https:\/\/apps.apple.com\/fr\/app\/padel-tcp-oloron\/id6471498813\">\n\t\t\t\t\t\t\t<img loading=\"lazy\" decoding=\"async\" width=\"382\" height=\"132\" src=\"https:\/\/oloron-tennis.com\/wp-content\/uploads\/2023\/11\/app.png\" class=\"attachment-large size-large wp-image-188\" alt=\"\" srcset=\"https:\/\/oloron-tennis.com\/wp-content\/uploads\/2023\/11\/app.png 382w, https:\/\/oloron-tennis.com\/wp-content\/uploads\/2023\/11\/app-300x104.png 300w\" sizes=\"(max-width: 382px) 100vw, 382px\" \/>\t\t\t\t\t\t\t\t<\/a>\n\t\t\t\t\t\t\t\t\t\t\t\t\t\t\t<\/div>\n\t\t\t\t<\/div>\n\t\t\t\t\t<\/div>\n\t\t<\/div>\n\t\t\t\t<div class=\"elementor-column elementor-col-50 elementor-inner-column elementor-element elementor-element-0499868\" data-id=\"0499868\" data-element_type=\"column\">\n\t\t\t<div class=\"elementor-widget-wrap elementor-element-populated\">\n\t\t\t\t\t\t<div class=\"elementor-element elementor-element-f0331d4 elementor-widget elementor-widget-image\" data-id=\"f0331d4\" data-element_type=\"widget\" data-widget_type=\"image.default\">\n\t\t\t\t<div class=\"elementor-widget-container\">\n\t\t\t\t\t\t\t\t\t\t\t\t\t\t\t\t<a href=\"https:\/\/play.google.com\/store\/apps\/details?id=fr.gestionsports.padeltcpoloron&#038;hl=da&#038;gl=FR\">\n\t\t\t\t\t\t\t<img loading=\"lazy\" decoding=\"async\" width=\"558\" height=\"162\" src=\"https:\/\/oloron-tennis.com\/wp-content\/uploads\/2023\/11\/play.webp\" class=\"attachment-large size-large wp-image-189\" alt=\"\" srcset=\"https:\/\/oloron-tennis.com\/wp-content\/uploads\/2023\/11\/play.webp 558w, https:\/\/oloron-tennis.com\/wp-content\/uploads\/2023\/11\/play-300x87.webp 300w\" sizes=\"(max-width: 558px) 100vw, 558px\" \/>\t\t\t\t\t\t\t\t<\/a>\n\t\t\t\t\t\t\t\t\t\t\t\t\t\t\t<\/div>\n\t\t\t\t<\/div>\n\t\t\t\t\t<\/div>\n\t\t<\/div>\n\t\t\t\t\t<\/div>\n\t\t<\/section>\n\t\t\t\t\t<\/div>\n\t\t<\/div>\n\t\t\t\t<div class=\"elementor-column elementor-col-50 elementor-top-column elementor-element elementor-element-26cff91c\" data-id=\"26cff91c\" data-element_type=\"column\" data-settings=\"{&quot;background_background&quot;:&quot;classic&quot;}\">\n\t\t\t<div class=\"elementor-widget-wrap elementor-element-populated\">\n\t\t\t\t\t\t<div class=\"elementor-element elementor-element-cfa83e9 elementor-widget elementor-widget-heading\" data-id=\"cfa83e9\" data-element_type=\"widget\" data-widget_type=\"heading.default\">\n\t\t\t\t<div class=\"elementor-widget-container\">\n\t\t\t\t\t<h3 class=\"elementor-heading-title elementor-size-default\">Tarifs Padel<\/h3>\t\t\t\t<\/div>\n\t\t\t\t<\/div>\n\t\t\t\t<div class=\"elementor-element elementor-element-b238322 elementor-arrows-position-inside elementor-widget elementor-widget-image-carousel\" data-id=\"b238322\" data-element_type=\"widget\" data-settings=\"{&quot;slides_to_show&quot;:&quot;1&quot;,&quot;navigation&quot;:&quot;arrows&quot;,&quot;autoplay&quot;:&quot;yes&quot;,&quot;pause_on_hover&quot;:&quot;yes&quot;,&quot;pause_on_interaction&quot;:&quot;yes&quot;,&quot;autoplay_speed&quot;:5000,&quot;infinite&quot;:&quot;yes&quot;,&quot;effect&quot;:&quot;slide&quot;,&quot;speed&quot;:500}\" data-widget_type=\"image-carousel.default\">\n\t\t\t\t<div class=\"elementor-widget-container\">\n\t\t\t\t\t\t\t<div class=\"elementor-image-carousel-wrapper swiper\" role=\"region\" aria-roledescription=\"carousel\" aria-label=\"Carrousel d\u2019images\" dir=\"ltr\">\n\t\t\t<div class=\"elementor-image-carousel swiper-wrapper\" aria-live=\"off\">\n\t\t\t\t\t\t\t\t<div class=\"swiper-slide\" role=\"group\" aria-roledescription=\"slide\" aria-label=\"1 sur 2\"><figure class=\"swiper-slide-inner\"><img decoding=\"async\" class=\"swiper-slide-image\" src=\"https:\/\/oloron-tennis.com\/wp-content\/uploads\/2024\/01\/padel2.jpg\" alt=\"padel2\" \/><\/figure><\/div><div class=\"swiper-slide\" role=\"group\" aria-roledescription=\"slide\" aria-label=\"2 sur 2\"><figure class=\"swiper-slide-inner\"><img decoding=\"async\" class=\"swiper-slide-image\" src=\"https:\/\/oloron-tennis.com\/wp-content\/uploads\/2024\/01\/padel1.jpg\" alt=\"padel1\" \/><\/figure><\/div>\t\t\t<\/div>\n\t\t\t\t\t\t\t\t\t\t\t\t<div class=\"elementor-swiper-button elementor-swiper-button-prev\" role=\"button\" tabindex=\"0\">\n\t\t\t\t\t\t<svg aria-hidden=\"true\" class=\"e-font-icon-svg e-eicon-chevron-left\" viewBox=\"0 0 1000 1000\" xmlns=\"http:\/\/www.w3.org\/2000\/svg\"><path d=\"M646 125C629 125 613 133 604 142L308 442C296 454 292 471 292 487 292 504 296 521 308 533L604 854C617 867 629 875 646 875 663 875 679 871 692 858 704 846 713 829 713 812 713 796 708 779 692 767L438 487 692 225C700 217 708 204 708 187 708 171 704 154 692 142 675 129 663 125 646 125Z\"><\/path><\/svg>\t\t\t\t\t<\/div>\n\t\t\t\t\t<div class=\"elementor-swiper-button elementor-swiper-button-next\" role=\"button\" tabindex=\"0\">\n\t\t\t\t\t\t<svg aria-hidden=\"true\" class=\"e-font-icon-svg e-eicon-chevron-right\" viewBox=\"0 0 1000 1000\" xmlns=\"http:\/\/www.w3.org\/2000\/svg\"><path d=\"M696 533C708 521 713 504 713 487 713 471 708 454 696 446L400 146C388 133 375 125 354 125 338 125 325 129 313 142 300 154 292 171 292 187 292 204 296 221 308 233L563 492 304 771C292 783 288 800 288 817 288 833 296 850 308 863 321 871 338 875 354 875 371 875 388 867 400 854L696 533Z\"><\/path><\/svg>\t\t\t\t\t<\/div>\n\t\t\t\t\n\t\t\t\t\t\t\t\t\t<\/div>\n\t\t\t\t\t\t<\/div>\n\t\t\t\t<\/div>\n\t\t\t\t<div class=\"elementor-element elementor-element-3b15542 elementor-widget elementor-widget-text-editor\" data-id=\"3b15542\" data-element_type=\"widget\" data-widget_type=\"text-editor.default\">\n\t\t\t\t<div class=\"elementor-widget-container\">\n\t\t\t\t\t\t\t\t\t<div class=\"page\" title=\"Page 1\"><div class=\"section\"><div class=\"layoutArea\"><div class=\"column\"><h4>Locations heures pleines (cre\u0301neaux 1H30)<\/h4><p>Non adhe\u0301rents : 10 \u20ac (ou 10 cre\u0301dits)<\/p><p>Adhe\u0301rents : 8 \u20ac (ou 8 cre\u0301dits)<\/p><h4>Locations heures creuses (cre\u0301neaux 1H30)*<\/h4><p>Non adhe\u0301rents : 8 \u20ac (ou 8 cre\u0301dits)<\/p><p>Adhe\u0301rents : 7 \u20ac (ou 7 cre\u0301dits)<\/p><p>Location raquette : 2\u20ac (au club house)<\/p><h4>Packs de cre\u0301dits en vente sur l\u2019appli :<\/h4><p>Facilitez vous la vie : 30 cre\u0301dits pour 30 \u20ac<\/p><p>Ne lachez rien : 110 cre\u0301dits pour 100\u20ac<\/p><p>Espan\u0303a tiene miedo : 350 cre\u0301dits pour 300 \u20ac<\/p><p>\u00a0<\/p><\/div><div class=\"page\" title=\"Page 1\"><div class=\"section\"><div class=\"layoutArea\"><div class=\"column\"><p><em>*HC Piste A : 7-10h et 21h30-23h du lundi au dimanche et 14h-17h le dimanche<\/em><br \/><em>*HC Piste B : 7H30-10H30 et 22h30-00H00 du lundi au dimanche et 13H30-1630 le dimanche<\/em><\/p><\/div><\/div><\/div><\/div><\/div><\/div><\/div>\t\t\t\t\t\t\t\t<\/div>\n\t\t\t\t<\/div>\n\t\t\t\t\t<\/div>\n\t\t<\/div>\n\t\t\t\t\t<\/div>\n\t\t<\/section>\n\t\t\t\t<\/div>\n\t\t","protected":false},"excerpt":{"rendered":"<p>Inscrivez-vous \u00e0 un tournois Rejoignez le groupe WhatsApp Padel Oloron Partenaires, Infos club, Le\u00e7ons, Tournois, Agenda&#8230; R\u00e9servez votre partie de Padel Directement en ligne Tarifs Padel Locations heures pleines (cre\u0301neaux 1H30) Non adhe\u0301rents : 10 \u20ac (ou 10 cre\u0301dits) Adhe\u0301rents : 8 \u20ac (ou 8 cre\u0301dits) Locations heures creuses (cre\u0301neaux 1H30)* Non adhe\u0301rents : 8 [&hellip;]<\/p>\n","protected":false},"author":1,"featured_media":0,"parent":0,"menu_order":0,"comment_status":"closed","ping_status":"closed","template":"elementor_header_footer","meta":{"footnotes":""},"class_list":["post-161","page","type-page","status-publish","hentry"],"_links":{"self":[{"href":"https:\/\/oloron-tennis.com\/index.php\/wp-json\/wp\/v2\/pages\/161","targetHints":{"allow":["GET"]}}],"collection":[{"href":"https:\/\/oloron-tennis.com\/index.php\/wp-json\/wp\/v2\/pages"}],"about":[{"href":"https:\/\/oloron-tennis.com\/index.php\/wp-json\/wp\/v2\/types\/page"}],"author":[{"embeddable":true,"href":"https:\/\/oloron-tennis.com\/index.php\/wp-json\/wp\/v2\/users\/1"}],"replies":[{"embeddable":true,"href":"https:\/\/oloron-tennis.com\/index.php\/wp-json\/wp\/v2\/comments?post=161"}],"version-history":[{"count":70,"href":"https:\/\/oloron-tennis.com\/index.php\/wp-json\/wp\/v2\/pages\/161\/revisions"}],"predecessor-version":[{"id":303,"href":"https:\/\/oloron-tennis.com\/index.php\/wp-json\/wp\/v2\/pages\/161\/revisions\/303"}],"wp:attachment":[{"href":"https:\/\/oloron-tennis.com\/index.php\/wp-json\/wp\/v2\/media?parent=161"}],"curies":[{"name":"wp","href":"https:\/\/api.w.org\/{rel}","templated":true}]}}